{"id":47,"date":"2018-07-05T07:32:41","date_gmt":"2018-07-05T05:32:41","guid":{"rendered":"http:\/\/dobry-kontakt.pl\/?page_id=47"},"modified":"2024-04-02T15:45:58","modified_gmt":"2024-04-02T13:45:58","slug":"o-nas","status":"publish","type":"page","link":"https:\/\/dobry-kontakt.pl\/index.php\/o-nas\/","title":{"rendered":"O mnie"},"content":{"rendered":"\n<p>Nazywam si\u0119 Magdalena Krajewska.<\/p>\n\n\n\n<p>Jestem certyfikowan\u0105 psychoterapeutk\u0105 Gestalt. Posiadam certyfikat Polskiego Towarzystwa Psychoterapii Gestalt (PTPG) oraz Europejskiego Stowarzyszenia Psychoterapeut\u00f3w Gestalt (EAGT).<\/p>\n\n\n\n<p>Jestem r\u00f3wnie\u017c certyfikowan\u0105 specjalistk\u0105 psychoterapii uzale\u017cnie\u0144.<\/p>\n","protected":false},"excerpt":{"rendered":"<p>Nazywam si\u0119 Magdalena Krajewska. Jestem certyfikowan\u0105 psychoterapeutk\u0105 Gestalt. Posiadam certyfikat Polskiego Towarzystwa Psychoterapii Gestalt (PTPG) oraz Europejskiego Stowarzyszenia Psychoterapeut\u00f3w Gestalt (EAGT). Jestem r\u00f3wnie\u017c certyfikowan\u0105 specjalistk\u0105 psychoterapii uzale\u017cnie\u0144.<\/p>\n","protected":false},"author":1,"featured_media":0,"parent":0,"menu_order":0,"comment_status":"closed","ping_status":"closed","template":"","meta":{"footnotes":""},"class_list":["post-47","page","type-page","status-publish","hentry"],"yoast_head":"<!-- This site is optimized with the Yoast SEO plugin v24.2 - https:\/\/yoast.com\/wordpress\/plugins\/seo\/ -->\n<title>Informacje o Gabinecie psychoterapii Dobry Kontakt. D\u0119bica.<\/title>\n<meta name=\"description\" content=\"terapeuta, gestalt, psychoterapia, terapia par, certyfikat, uzale\u017cnienia, terapia uzale\u017cnie\u0144\" \/>\n<meta name=\"robots\" content=\"index, follow, max-snippet:-1, max-image-preview:large, max-video-preview:-1\" \/>\n<link rel=\"canonical\" href=\"https:\/\/dobry-kontakt.pl\/index.php\/o-nas\/\" \/>\n<meta property=\"og:locale\" content=\"pl_PL\" \/>\n<meta property=\"og:type\" content=\"article\" \/>\n<meta property=\"og:title\" content=\"Informacje o Gabinecie psychoterapii Dobry Kontakt. D\u0119bica.\" \/>\n<meta property=\"og:description\" content=\"terapeuta, gestalt, psychoterapia, terapia par, certyfikat, uzale\u017cnienia, terapia uzale\u017cnie\u0144\" \/>\n<meta property=\"og:url\" content=\"https:\/\/dobry-kontakt.pl\/index.php\/o-nas\/\" \/>\n<meta property=\"og:site_name\" content=\"Gabinet psychoterapeutyczny \u00a0Dobry Kontakt\" \/>\n<meta property=\"article:modified_time\" content=\"2024-04-02T13:45:58+00:00\" \/>\n<meta name=\"twitter:card\" content=\"summary_large_image\" \/>\n<meta name=\"twitter:label1\" content=\"Szacowany czas czytania\" \/>\n\t<meta name=\"twitter:data1\" content=\"1 minuta\" \/>\n<script type=\"application\/ld+json\" class=\"yoast-schema-graph\">{\"@context\":\"https:\/\/schema.org\",\"@graph\":[{\"@type\":\"WebPage\",\"@id\":\"https:\/\/dobry-kontakt.pl\/index.php\/o-nas\/\",\"url\":\"https:\/\/dobry-kontakt.pl\/index.php\/o-nas\/\",\"name\":\"Informacje o Gabinecie psychoterapii Dobry Kontakt. D\u0119bica.\",\"isPartOf\":{\"@id\":\"https:\/\/dobry-kontakt.pl\/#website\"},\"datePublished\":\"2018-07-05T05:32:41+00:00\",\"dateModified\":\"2024-04-02T13:45:58+00:00\",\"description\":\"terapeuta, gestalt, psychoterapia, terapia par, certyfikat, uzale\u017cnienia, terapia uzale\u017cnie\u0144\",\"breadcrumb\":{\"@id\":\"https:\/\/dobry-kontakt.pl\/index.php\/o-nas\/#breadcrumb\"},\"inLanguage\":\"pl-PL\",\"potentialAction\":[{\"@type\":\"ReadAction\",\"target\":[\"https:\/\/dobry-kontakt.pl\/index.php\/o-nas\/\"]}]},{\"@type\":\"BreadcrumbList\",\"@id\":\"https:\/\/dobry-kontakt.pl\/index.php\/o-nas\/#breadcrumb\",\"itemListElement\":[{\"@type\":\"ListItem\",\"position\":1,\"name\":\"Strona g\u0142\u00f3wna\",\"item\":\"https:\/\/dobry-kontakt.pl\/\"},{\"@type\":\"ListItem\",\"position\":2,\"name\":\"O mnie\"}]},{\"@type\":\"WebSite\",\"@id\":\"https:\/\/dobry-kontakt.pl\/#website\",\"url\":\"https:\/\/dobry-kontakt.pl\/\",\"name\":\"Gabinet psychoterapeutyczny \u00a0Dobry Kontakt\",\"description\":\"Terapia indywidualna. Terapia par. Terapia uzale\u017cnie\u0144.\",\"publisher\":{\"@id\":\"https:\/\/dobry-kontakt.pl\/#organization\"},\"potentialAction\":[{\"@type\":\"SearchAction\",\"target\":{\"@type\":\"EntryPoint\",\"urlTemplate\":\"https:\/\/dobry-kontakt.pl\/?s={search_term_string}\"},\"query-input\":{\"@type\":\"PropertyValueSpecification\",\"valueRequired\":true,\"valueName\":\"search_term_string\"}}],\"inLanguage\":\"pl-PL\"},{\"@type\":\"Organization\",\"@id\":\"https:\/\/dobry-kontakt.pl\/#organization\",\"name\":\"Gabinet Psychoterapeutyczny \\\"Dobry kontakt\\\"\",\"url\":\"https:\/\/dobry-kontakt.pl\/\",\"logo\":{\"@type\":\"ImageObject\",\"inLanguage\":\"pl-PL\",\"@id\":\"https:\/\/dobry-kontakt.pl\/#\/schema\/logo\/image\/\",\"url\":\"https:\/\/dobry-kontakt.pl\/wp-content\/uploads\/2018\/07\/Logo-gabinet.png\",\"contentUrl\":\"https:\/\/dobry-kontakt.pl\/wp-content\/uploads\/2018\/07\/Logo-gabinet.png\",\"width\":340,\"height\":347,\"caption\":\"Gabinet Psychoterapeutyczny \\\"Dobry kontakt\\\"\"},\"image\":{\"@id\":\"https:\/\/dobry-kontakt.pl\/#\/schema\/logo\/image\/\"}}]}<\/script>\n<!-- \/ Yoast SEO plugin. -->","yoast_head_json":{"title":"Informacje o Gabinecie psychoterapii Dobry Kontakt. D\u0119bica.","description":"terapeuta, gestalt, psychoterapia, terapia par, certyfikat, uzale\u017cnienia, terapia uzale\u017cnie\u0144","robots":{"index":"index","follow":"follow","max-snippet":"max-snippet:-1","max-image-preview":"max-image-preview:large","max-video-preview":"max-video-preview:-1"},"canonical":"https:\/\/dobry-kontakt.pl\/index.php\/o-nas\/","og_locale":"pl_PL","og_type":"article","og_title":"Informacje o Gabinecie psychoterapii Dobry Kontakt. D\u0119bica.","og_description":"terapeuta, gestalt, psychoterapia, terapia par, certyfikat, uzale\u017cnienia, terapia uzale\u017cnie\u0144","og_url":"https:\/\/dobry-kontakt.pl\/index.php\/o-nas\/","og_site_name":"Gabinet psychoterapeutyczny \u00a0Dobry Kontakt","article_modified_time":"2024-04-02T13:45:58+00:00","twitter_card":"summary_large_image","twitter_misc":{"Szacowany czas czytania":"1 minuta"},"schema":{"@context":"https:\/\/schema.org","@graph":[{"@type":"WebPage","@id":"https:\/\/dobry-kontakt.pl\/index.php\/o-nas\/","url":"https:\/\/dobry-kontakt.pl\/index.php\/o-nas\/","name":"Informacje o Gabinecie psychoterapii Dobry Kontakt. D\u0119bica.","isPartOf":{"@id":"https:\/\/dobry-kontakt.pl\/#website"},"datePublished":"2018-07-05T05:32:41+00:00","dateModified":"2024-04-02T13:45:58+00:00","description":"terapeuta, gestalt, psychoterapia, terapia par, certyfikat, uzale\u017cnienia, terapia uzale\u017cnie\u0144","breadcrumb":{"@id":"https:\/\/dobry-kontakt.pl\/index.php\/o-nas\/#breadcrumb"},"inLanguage":"pl-PL","potentialAction":[{"@type":"ReadAction","target":["https:\/\/dobry-kontakt.pl\/index.php\/o-nas\/"]}]},{"@type":"BreadcrumbList","@id":"https:\/\/dobry-kontakt.pl\/index.php\/o-nas\/#breadcrumb","itemListElement":[{"@type":"ListItem","position":1,"name":"Strona g\u0142\u00f3wna","item":"https:\/\/dobry-kontakt.pl\/"},{"@type":"ListItem","position":2,"name":"O mnie"}]},{"@type":"WebSite","@id":"https:\/\/dobry-kontakt.pl\/#website","url":"https:\/\/dobry-kontakt.pl\/","name":"Gabinet psychoterapeutyczny \u00a0Dobry Kontakt","description":"Terapia indywidualna. Terapia par. Terapia uzale\u017cnie\u0144.","publisher":{"@id":"https:\/\/dobry-kontakt.pl\/#organization"},"potentialAction":[{"@type":"SearchAction","target":{"@type":"EntryPoint","urlTemplate":"https:\/\/dobry-kontakt.pl\/?s={search_term_string}"},"query-input":{"@type":"PropertyValueSpecification","valueRequired":true,"valueName":"search_term_string"}}],"inLanguage":"pl-PL"},{"@type":"Organization","@id":"https:\/\/dobry-kontakt.pl\/#organization","name":"Gabinet Psychoterapeutyczny \"Dobry kontakt\"","url":"https:\/\/dobry-kontakt.pl\/","logo":{"@type":"ImageObject","inLanguage":"pl-PL","@id":"https:\/\/dobry-kontakt.pl\/#\/schema\/logo\/image\/","url":"https:\/\/dobry-kontakt.pl\/wp-content\/uploads\/2018\/07\/Logo-gabinet.png","contentUrl":"https:\/\/dobry-kontakt.pl\/wp-content\/uploads\/2018\/07\/Logo-gabinet.png","width":340,"height":347,"caption":"Gabinet Psychoterapeutyczny \"Dobry kontakt\""},"image":{"@id":"https:\/\/dobry-kontakt.pl\/#\/schema\/logo\/image\/"}}]}},"_links":{"self":[{"href":"https:\/\/dobry-kontakt.pl\/index.php\/wp-json\/wp\/v2\/pages\/47","targetHints":{"allow":["GET"]}}],"collection":[{"href":"https:\/\/dobry-kontakt.pl\/index.php\/wp-json\/wp\/v2\/pages"}],"about":[{"href":"https:\/\/dobry-kontakt.pl\/index.php\/wp-json\/wp\/v2\/types\/page"}],"author":[{"embeddable":true,"href":"https:\/\/dobry-kontakt.pl\/index.php\/wp-json\/wp\/v2\/users\/1"}],"replies":[{"embeddable":true,"href":"https:\/\/dobry-kontakt.pl\/index.php\/wp-json\/wp\/v2\/comments?post=47"}],"version-history":[{"count":3,"href":"https:\/\/dobry-kontakt.pl\/index.php\/wp-json\/wp\/v2\/pages\/47\/revisions"}],"predecessor-version":[{"id":117,"href":"https:\/\/dobry-kontakt.pl\/index.php\/wp-json\/wp\/v2\/pages\/47\/revisions\/117"}],"wp:attachment":[{"href":"https:\/\/dobry-kontakt.pl\/index.php\/wp-json\/wp\/v2\/media?parent=47"}],"curies":[{"name":"wp","href":"https:\/\/api.w.org\/{rel}","templated":true}]}}